{"id":56,"date":"2011-02-01T00:00:33","date_gmt":"2011-02-01T00:00:33","guid":{"rendered":"http:\/\/www.falkenberger-tanzmaeuse.de\/blog2011\/?page_id=56"},"modified":"2024-11-12T10:26:17","modified_gmt":"2024-11-12T10:26:17","slug":"impressum","status":"publish","type":"page","link":"https:\/\/www.falkenberger-tanzmaeuse.de\/?page_id=56","title":{"rendered":"Impressum"},"content":{"rendered":"<p>Angaben gem\u00e4\u00df \u00a7 5 TMG und \u00a7 5 DDG<\/p>\n<p><strong>Falkenberger Tanzm\u00e4use e.V.<\/strong><br \/>\nLindenstra\u00dfe 7a<br \/>\n04895 Falkenberg<\/p>\n<p>Telefon: +49 (0)157 72883046<br \/>\nE-Mail: <a rel=\"noopener\">info@falkenberger-tanzmaeuse.de<\/a><\/p>\n<p><strong>Vertreten durch den Vorstand:<\/strong><br \/>\nVorstandsvorsitzende Sandra Werner (gem. \u00a7 26 BGB)<\/p>\n<p><strong>Vereinsregister:<\/strong><br \/>\nEingetragen im Vereinsregister des Amtsgerichts Cottbus<br \/>\nRegisternummer: VR 498<\/p>\n<p><strong>Umsatzsteuer-Identifikationsnummer:<\/strong><br \/>\nUSt-IdNr.: DE123456789<\/p>\n<hr \/>\n<p><strong>Haftungsausschluss<\/strong><\/p>\n<p>Die Inhalte unserer Seiten wurden mit gr\u00f6\u00dfter Sorgfalt erstellt. F\u00fcr die Richtigkeit, Vollst\u00e4ndigkeit und Aktualit\u00e4t der Inhalte k\u00f6nnen wir jedoch keine Gew\u00e4hr \u00fcbernehmen. Als Diensteanbieter sind wir gem\u00e4\u00df \u00a7 7 Abs.1 TMG f\u00fcr eigene Inhalte auf diesen Seiten nach den allgemeinen Gesetzen verantwortlich. Nach \u00a7\u00a7 8 bis 10 TMG sind wir als Diensteanbieter jedoch nicht verpflichtet, \u00fcbermittelte oder gespeicherte fremde Informationen zu \u00fcberwachen oder nach Umst\u00e4nden zu forschen, die auf eine rechtswidrige T\u00e4tigkeit hinweisen.<\/p>\n<p><strong>Haftung f\u00fcr Links<\/strong><\/p>\n<p>Unser Angebot enth\u00e4lt Links zu externen Websites Dritter, auf deren Inhalte wir keinen Einfluss haben. Deshalb k\u00f6nnen wir f\u00fcr diese fremden Inhalte auch keine Gew\u00e4hr \u00fcbernehmen. F\u00fcr die Inhalte der verlinkten Seiten ist stets der jeweilige Anbieter oder Betreiber der Seiten verantwortlich. Bei Bekanntwerden von Rechtsverletzungen werden wir derartige Links umgehend entfernen.<\/p>\n<hr \/>\n<p><strong>Urheberrecht<\/strong><\/p>\n<p>Die durch die Seitenbetreiber erstellten Inhalte und Werke auf diesen Seiten unterliegen dem deutschen Urheberrecht. Beitr\u00e4ge Dritter sind als solche gekennzeichnet. Die Vervielf\u00e4ltigung, Bearbeitung, Verbreitung und jede Art der Verwertung au\u00dferhalb der Grenzen des Urheberrechtes bed\u00fcrfen der schriftlichen Zustimmung des jeweiligen Autors bzw. Erstellers.<\/p>\n<hr \/>\n<p><strong>Datenschutzerkl\u00e4rung<\/strong><\/p>\n<p>Informationen zum Datenschutz entnehmen Sie bitte unserer <a href=\"https:\/\/www.falkenberger-tanzmaeuse.de\/?page_id=11183\" rel=\"noopener\">Datenschutzerkl\u00e4rung<\/a>.<\/p>\n<hr \/>\n<p><strong>Fotos und Texte<\/strong><\/p>\n<p>Die Urheberrechte an allen Fotos und Texten liegen beim Falkenberger Tanzm\u00e4use e.V., es sei denn, es ist anders angegeben. F\u00fcr namentlich gekennzeichnete Beitr\u00e4ge sind die jeweiligen Autoren verantwortlich.<\/p>\n<hr \/>\n<p><strong>Webmaster<\/strong><br \/>\nStefan Werner<br \/>\nE-Mail: <a rel=\"noopener\">mad.werner@falkenberger-tanzmaeuse.de<\/a><\/p>\n","protected":false},"excerpt":{"rendered":"<p>Angaben gem\u00e4\u00df \u00a7 5 TMG und \u00a7 5 DDG Falkenberger Tanzm\u00e4use e.V. Lindenstra\u00dfe 7a 04895 Falkenberg Telefon: +49 (0)157 72883046 E-Mail: info@falkenberger-tanzmaeuse.de Vertreten durch den Vorstand: Vorstandsvorsitzende Sandra Werner (gem. \u00a7 26 BGB) Vereinsregister: Eingetragen im Vereinsregister des Amtsgerichts Cottbus Registernummer: VR 498 Umsatzsteuer-Identifikationsnummer: USt-IdNr.: DE123456789 Haftungsausschluss Die Inhalte unserer Seiten wurden mit gr\u00f6\u00dfter Sorgfalt [&hellip;]<\/p>\n","protected":false},"author":1,"featured_media":0,"parent":0,"menu_order":8,"comment_status":"closed","ping_status":"closed","template":"","meta":{"ngg_post_thumbnail":0,"footnotes":""},"class_list":["post-56","page","type-page","status-publish","hentry"],"_links":{"self":[{"href":"https:\/\/www.falkenberger-tanzmaeuse.de\/index.php?rest_route=\/wp\/v2\/pages\/56","targetHints":{"allow":["GET"]}}],"collection":[{"href":"https:\/\/www.falkenberger-tanzmaeuse.de\/index.php?rest_route=\/wp\/v2\/pages"}],"about":[{"href":"https:\/\/www.falkenberger-tanzmaeuse.de\/index.php?rest_route=\/wp\/v2\/types\/page"}],"author":[{"embeddable":true,"href":"https:\/\/www.falkenberger-tanzmaeuse.de\/index.php?rest_route=\/wp\/v2\/users\/1"}],"replies":[{"embeddable":true,"href":"https:\/\/www.falkenberger-tanzmaeuse.de\/index.php?rest_route=%2Fwp%2Fv2%2Fcomments&post=56"}],"version-history":[{"count":25,"href":"https:\/\/www.falkenberger-tanzmaeuse.de\/index.php?rest_route=\/wp\/v2\/pages\/56\/revisions"}],"predecessor-version":[{"id":16655,"href":"https:\/\/www.falkenberger-tanzmaeuse.de\/index.php?rest_route=\/wp\/v2\/pages\/56\/revisions\/16655"}],"wp:attachment":[{"href":"https:\/\/www.falkenberger-tanzmaeuse.de\/index.php?rest_route=%2Fwp%2Fv2%2Fmedia&parent=56"}],"curies":[{"name":"wp","href":"https:\/\/api.w.org\/{rel}","templated":true}]}}