{"id":35,"date":"2011-02-01T00:00:45","date_gmt":"2011-02-01T00:00:45","guid":{"rendered":"http:\/\/www.falkenberger-tanzmaeuse.de\/blog2011\/?page_id=35"},"modified":"2025-12-30T14:50:04","modified_gmt":"2025-12-30T14:50:04","slug":"teenies","status":"publish","type":"page","link":"https:\/\/www.falkenberger-tanzmaeuse.de\/?page_id=35","title":{"rendered":"Teenies"},"content":{"rendered":"<p>Unsere Teenies sind in der 5. bis 8. Klasse und trainieren immer <strong>Freitags von 16:00 &#8211; 18.00 Uhr im M\u00e4usest\u00fcbchen.\u00a0<\/strong>Hier geht es rund! Ausdruck und K\u00f6nnen werden hier gef\u00f6rdert. Und das mit viel Spa\u00df!<\/p>\n<p><strong>Trainerin:<\/strong> Isabell Dittrich\u00a0 \u00a0<strong>Co-Trainerin:<\/strong> Lina Herrmann, Robinia Schubert<\/p>\n\n\n<figure class=\"wp-block-image size-large\"><img loading=\"lazy\" decoding=\"async\" width=\"768\" height=\"1024\" src=\"https:\/\/www.falkenberger-tanzmaeuse.de\/blog2011\/wp-content\/uploads\/2025\/04\/IMG_7899-768x1024.jpeg\" alt=\"\" class=\"wp-image-17019\" srcset=\"https:\/\/www.falkenberger-tanzmaeuse.de\/blog2011\/wp-content\/uploads\/2025\/04\/IMG_7899-768x1024.jpeg 768w, https:\/\/www.falkenberger-tanzmaeuse.de\/blog2011\/wp-content\/uploads\/2025\/04\/IMG_7899-225x300.jpeg 225w, https:\/\/www.falkenberger-tanzmaeuse.de\/blog2011\/wp-content\/uploads\/2025\/04\/IMG_7899-1152x1536.jpeg 1152w, https:\/\/www.falkenberger-tanzmaeuse.de\/blog2011\/wp-content\/uploads\/2025\/04\/IMG_7899-1536x2048.jpeg 1536w, https:\/\/www.falkenberger-tanzmaeuse.de\/blog2011\/wp-content\/uploads\/2025\/04\/IMG_7899-scaled.jpeg 1920w\" sizes=\"auto, (max-width: 768px) 100vw, 768px\" \/><\/figure>\n","protected":false},"excerpt":{"rendered":"<p>Unsere Teenies sind in der 5. bis 8. Klasse und trainieren immer Freitags von 16:00 &#8211; 18.00 Uhr im M\u00e4usest\u00fcbchen.\u00a0Hier geht es rund! Ausdruck und K\u00f6nnen werden hier gef\u00f6rdert. Und das mit viel Spa\u00df! Trainerin: Isabell Dittrich\u00a0 \u00a0Co-Trainerin: Lina Herrmann, Robinia Schubert<\/p>\n","protected":false},"author":1,"featured_media":0,"parent":26,"menu_order":5,"comment_status":"closed","ping_status":"closed","template":"","meta":{"ngg_post_thumbnail":0,"footnotes":""},"class_list":["post-35","page","type-page","status-publish","hentry"],"_links":{"self":[{"href":"https:\/\/www.falkenberger-tanzmaeuse.de\/index.php?rest_route=\/wp\/v2\/pages\/35","targetHints":{"allow":["GET"]}}],"collection":[{"href":"https:\/\/www.falkenberger-tanzmaeuse.de\/index.php?rest_route=\/wp\/v2\/pages"}],"about":[{"href":"https:\/\/www.falkenberger-tanzmaeuse.de\/index.php?rest_route=\/wp\/v2\/types\/page"}],"author":[{"embeddable":true,"href":"https:\/\/www.falkenberger-tanzmaeuse.de\/index.php?rest_route=\/wp\/v2\/users\/1"}],"replies":[{"embeddable":true,"href":"https:\/\/www.falkenberger-tanzmaeuse.de\/index.php?rest_route=%2Fwp%2Fv2%2Fcomments&post=35"}],"version-history":[{"count":31,"href":"https:\/\/www.falkenberger-tanzmaeuse.de\/index.php?rest_route=\/wp\/v2\/pages\/35\/revisions"}],"predecessor-version":[{"id":18326,"href":"https:\/\/www.falkenberger-tanzmaeuse.de\/index.php?rest_route=\/wp\/v2\/pages\/35\/revisions\/18326"}],"up":[{"embeddable":true,"href":"https:\/\/www.falkenberger-tanzmaeuse.de\/index.php?rest_route=\/wp\/v2\/pages\/26"}],"wp:attachment":[{"href":"https:\/\/www.falkenberger-tanzmaeuse.de\/index.php?rest_route=%2Fwp%2Fv2%2Fmedia&parent=35"}],"curies":[{"name":"wp","href":"https:\/\/api.w.org\/{rel}","templated":true}]}}