{"id":32,"date":"2011-02-01T00:00:59","date_gmt":"2011-02-01T00:00:59","guid":{"rendered":"http:\/\/www.falkenberger-tanzmaeuse.de\/blog2011\/?page_id=32"},"modified":"2022-05-01T12:21:57","modified_gmt":"2022-05-01T12:21:57","slug":"sweeties","status":"publish","type":"page","link":"https:\/\/www.falkenberger-tanzmaeuse.de\/?page_id=32","title":{"rendered":"Sweeties"},"content":{"rendered":"<p>Die Gruppe &#8222;Sweet like honey&#8220; (deutsch: S\u00fc\u00df wie Honig&#8220;) ist seit September 2012 wieder da! 16 M\u00e4dels zaubern h\u00f6chstes Tanzmausk\u00f6nnen auf die B\u00fchne. Ein Augenschmaus f\u00fcr jede Party. Klassische T\u00e4nze sind ebenso im Programm, wie mitrei\u00dfende internationale T\u00e4nze. Der irische Tanz und das Greasemedley &#8211; 2 Garanten f\u00fcr gute Unterhaltung. Wir trainieren immer <strong>Freitags von 18.00 &#8211; 20:00 Uhr<\/strong> im M\u00e4usest\u00fcbchen.<\/p>\n<p><strong>Trainerin:<\/strong> Sandra Werner<\/p>\n\n\n<figure class=\"wp-block-image size-large\"><img loading=\"lazy\" decoding=\"async\" width=\"1024\" height=\"768\" src=\"https:\/\/www.falkenberger-tanzmaeuse.de\/blog2011\/wp-content\/uploads\/2022\/05\/IMG-20220424-WA0004-1-1024x768.jpg\" alt=\"\" class=\"wp-image-13949\" srcset=\"https:\/\/www.falkenberger-tanzmaeuse.de\/blog2011\/wp-content\/uploads\/2022\/05\/IMG-20220424-WA0004-1-1024x768.jpg 1024w, https:\/\/www.falkenberger-tanzmaeuse.de\/blog2011\/wp-content\/uploads\/2022\/05\/IMG-20220424-WA0004-1-300x225.jpg 300w, https:\/\/www.falkenberger-tanzmaeuse.de\/blog2011\/wp-content\/uploads\/2022\/05\/IMG-20220424-WA0004-1-768x576.jpg 768w, https:\/\/www.falkenberger-tanzmaeuse.de\/blog2011\/wp-content\/uploads\/2022\/05\/IMG-20220424-WA0004-1-1536x1152.jpg 1536w, https:\/\/www.falkenberger-tanzmaeuse.de\/blog2011\/wp-content\/uploads\/2022\/05\/IMG-20220424-WA0004-1.jpg 1600w\" sizes=\"auto, (max-width: 1024px) 100vw, 1024px\" \/><\/figure>\n","protected":false},"excerpt":{"rendered":"<p>Die Gruppe &#8222;Sweet like honey&#8220; (deutsch: S\u00fc\u00df wie Honig&#8220;) ist seit September 2012 wieder da! 16 M\u00e4dels zaubern h\u00f6chstes Tanzmausk\u00f6nnen auf die B\u00fchne. Ein Augenschmaus f\u00fcr jede Party. Klassische T\u00e4nze sind ebenso im Programm, wie mitrei\u00dfende internationale T\u00e4nze. Der irische Tanz und das Greasemedley &#8211; 2 Garanten f\u00fcr gute Unterhaltung. Wir trainieren immer Freitags von [&hellip;]<\/p>\n","protected":false},"author":1,"featured_media":0,"parent":26,"menu_order":6,"comment_status":"closed","ping_status":"closed","template":"","meta":{"ngg_post_thumbnail":0,"footnotes":""},"class_list":["post-32","page","type-page","status-publish","hentry"],"_links":{"self":[{"href":"https:\/\/www.falkenberger-tanzmaeuse.de\/index.php?rest_route=\/wp\/v2\/pages\/32","targetHints":{"allow":["GET"]}}],"collection":[{"href":"https:\/\/www.falkenberger-tanzmaeuse.de\/index.php?rest_route=\/wp\/v2\/pages"}],"about":[{"href":"https:\/\/www.falkenberger-tanzmaeuse.de\/index.php?rest_route=\/wp\/v2\/types\/page"}],"author":[{"embeddable":true,"href":"https:\/\/www.falkenberger-tanzmaeuse.de\/index.php?rest_route=\/wp\/v2\/users\/1"}],"replies":[{"embeddable":true,"href":"https:\/\/www.falkenberger-tanzmaeuse.de\/index.php?rest_route=%2Fwp%2Fv2%2Fcomments&post=32"}],"version-history":[{"count":28,"href":"https:\/\/www.falkenberger-tanzmaeuse.de\/index.php?rest_route=\/wp\/v2\/pages\/32\/revisions"}],"predecessor-version":[{"id":15513,"href":"https:\/\/www.falkenberger-tanzmaeuse.de\/index.php?rest_route=\/wp\/v2\/pages\/32\/revisions\/15513"}],"up":[{"embeddable":true,"href":"https:\/\/www.falkenberger-tanzmaeuse.de\/index.php?rest_route=\/wp\/v2\/pages\/26"}],"wp:attachment":[{"href":"https:\/\/www.falkenberger-tanzmaeuse.de\/index.php?rest_route=%2Fwp%2Fv2%2Fmedia&parent=32"}],"curies":[{"name":"wp","href":"https:\/\/api.w.org\/{rel}","templated":true}]}}