{"id":24,"date":"2011-01-16T20:47:48","date_gmt":"2011-01-16T20:47:48","guid":{"rendered":"http:\/\/www.falkenberger-tanzmaeuse.de\/blog2011\/?page_id=24"},"modified":"2018-09-04T17:58:40","modified_gmt":"2018-09-04T17:58:40","slug":"archiv","status":"publish","type":"page","link":"https:\/\/www.falkenberger-tanzmaeuse.de\/?page_id=24","title":{"rendered":"Chronik"},"content":{"rendered":"<p>An dieser Stelle k\u00f6nnt Ihr in den Chroniken seit dem Jahr 1980 st\u00f6bern. Ihr ben\u00f6tigt lediglich einen pdf-Reader<br \/>\n(z.B. von Adobe). Das Archiv wird nach und nach ausgebaut. Schaut einfach immer wieder einmal vorbei.<\/p>\n<p><a href=\"https:\/\/www.falkenberger-tanzmaeuse.de\/?attachment_id=11231\" rel=\"attachment wp-att-11243\"><img loading=\"lazy\" decoding=\"async\" class=\"alignnone wp-image-11243 size-medium\" src=\"https:\/\/www.falkenberger-tanzmaeuse.de\/blog2011\/wp-content\/uploads\/2018\/09\/Das-Jahr-1980-212x300.jpg\" alt=\"\" width=\"212\" height=\"300\" srcset=\"https:\/\/www.falkenberger-tanzmaeuse.de\/blog2011\/wp-content\/uploads\/2018\/09\/Das-Jahr-1980-212x300.jpg 212w, https:\/\/www.falkenberger-tanzmaeuse.de\/blog2011\/wp-content\/uploads\/2018\/09\/Das-Jahr-1980-768x1086.jpg 768w, https:\/\/www.falkenberger-tanzmaeuse.de\/blog2011\/wp-content\/uploads\/2018\/09\/Das-Jahr-1980-724x1024.jpg 724w, https:\/\/www.falkenberger-tanzmaeuse.de\/blog2011\/wp-content\/uploads\/2018\/09\/Das-Jahr-1980.jpg 1240w\" sizes=\"auto, (max-width: 212px) 100vw, 212px\" \/><\/a>&nbsp; &nbsp; &nbsp;<a href=\"https:\/\/www.falkenberger-tanzmaeuse.de\/?attachment_id=11231\" rel=\"attachment wp-att-11231\">Das Jahr 1980<\/a><\/p>\n<p><a href=\"https:\/\/www.falkenberger-tanzmaeuse.de\/?attachment_id=11232\" rel=\"attachment wp-att-11244\"><img loading=\"lazy\" decoding=\"async\" class=\"alignnone wp-image-11244 size-medium\" src=\"https:\/\/www.falkenberger-tanzmaeuse.de\/blog2011\/wp-content\/uploads\/2018\/09\/Das-Jahr-1981-212x300.jpg\" alt=\"\" width=\"212\" height=\"300\" srcset=\"https:\/\/www.falkenberger-tanzmaeuse.de\/blog2011\/wp-content\/uploads\/2018\/09\/Das-Jahr-1981-212x300.jpg 212w, https:\/\/www.falkenberger-tanzmaeuse.de\/blog2011\/wp-content\/uploads\/2018\/09\/Das-Jahr-1981-768x1086.jpg 768w, https:\/\/www.falkenberger-tanzmaeuse.de\/blog2011\/wp-content\/uploads\/2018\/09\/Das-Jahr-1981-724x1024.jpg 724w, https:\/\/www.falkenberger-tanzmaeuse.de\/blog2011\/wp-content\/uploads\/2018\/09\/Das-Jahr-1981.jpg 1240w\" sizes=\"auto, (max-width: 212px) 100vw, 212px\" \/><\/a>&nbsp; &nbsp;&nbsp;<a href=\"https:\/\/www.falkenberger-tanzmaeuse.de\/?attachment_id=11232\" rel=\"attachment wp-att-11232\">Das Jahr 1981<\/a><\/p>\n<p><a href=\"https:\/\/www.falkenberger-tanzmaeuse.de\/?attachment_id=11233\" rel=\"attachment wp-att-11245\"><img loading=\"lazy\" decoding=\"async\" class=\"alignnone wp-image-11245 size-medium\" src=\"https:\/\/www.falkenberger-tanzmaeuse.de\/blog2011\/wp-content\/uploads\/2018\/09\/Das-Jahr-1982-212x300.jpg\" alt=\"\" width=\"212\" height=\"300\" srcset=\"https:\/\/www.falkenberger-tanzmaeuse.de\/blog2011\/wp-content\/uploads\/2018\/09\/Das-Jahr-1982-212x300.jpg 212w, https:\/\/www.falkenberger-tanzmaeuse.de\/blog2011\/wp-content\/uploads\/2018\/09\/Das-Jahr-1982-768x1086.jpg 768w, https:\/\/www.falkenberger-tanzmaeuse.de\/blog2011\/wp-content\/uploads\/2018\/09\/Das-Jahr-1982-724x1024.jpg 724w, https:\/\/www.falkenberger-tanzmaeuse.de\/blog2011\/wp-content\/uploads\/2018\/09\/Das-Jahr-1982.jpg 1240w\" sizes=\"auto, (max-width: 212px) 100vw, 212px\" \/><\/a>&nbsp; &nbsp;&nbsp;<a href=\"https:\/\/www.falkenberger-tanzmaeuse.de\/?attachment_id=11233\" rel=\"attachment wp-att-11233\">Das Jahr 1982<\/a><\/p>\n<p><a href=\"https:\/\/www.falkenberger-tanzmaeuse.de\/?attachment_id=11234\" rel=\"attachment wp-att-11246\"><img loading=\"lazy\" decoding=\"async\" class=\"alignnone wp-image-11246 size-medium\" src=\"https:\/\/www.falkenberger-tanzmaeuse.de\/blog2011\/wp-content\/uploads\/2018\/09\/Das-Jahr-1983-212x300.jpg\" alt=\"\" width=\"212\" height=\"300\" srcset=\"https:\/\/www.falkenberger-tanzmaeuse.de\/blog2011\/wp-content\/uploads\/2018\/09\/Das-Jahr-1983-212x300.jpg 212w, https:\/\/www.falkenberger-tanzmaeuse.de\/blog2011\/wp-content\/uploads\/2018\/09\/Das-Jahr-1983-768x1086.jpg 768w, https:\/\/www.falkenberger-tanzmaeuse.de\/blog2011\/wp-content\/uploads\/2018\/09\/Das-Jahr-1983-724x1024.jpg 724w, https:\/\/www.falkenberger-tanzmaeuse.de\/blog2011\/wp-content\/uploads\/2018\/09\/Das-Jahr-1983.jpg 1240w\" sizes=\"auto, (max-width: 212px) 100vw, 212px\" \/><\/a>&nbsp; &nbsp; &nbsp;<a href=\"https:\/\/www.falkenberger-tanzmaeuse.de\/?attachment_id=11234\" rel=\"attachment wp-att-11234\">Das Jahr 1983<\/a><\/p>\n<p><a href=\"https:\/\/www.falkenberger-tanzmaeuse.de\/?attachment_id=11235\" rel=\"attachment wp-att-11247\"><img loading=\"lazy\" decoding=\"async\" class=\"alignnone wp-image-11247 size-medium\" src=\"https:\/\/www.falkenberger-tanzmaeuse.de\/blog2011\/wp-content\/uploads\/2018\/09\/Das-Jahr-1984-212x300.jpg\" alt=\"\" width=\"212\" height=\"300\" srcset=\"https:\/\/www.falkenberger-tanzmaeuse.de\/blog2011\/wp-content\/uploads\/2018\/09\/Das-Jahr-1984-212x300.jpg 212w, https:\/\/www.falkenberger-tanzmaeuse.de\/blog2011\/wp-content\/uploads\/2018\/09\/Das-Jahr-1984-768x1086.jpg 768w, https:\/\/www.falkenberger-tanzmaeuse.de\/blog2011\/wp-content\/uploads\/2018\/09\/Das-Jahr-1984-724x1024.jpg 724w, https:\/\/www.falkenberger-tanzmaeuse.de\/blog2011\/wp-content\/uploads\/2018\/09\/Das-Jahr-1984.jpg 1240w\" sizes=\"auto, (max-width: 212px) 100vw, 212px\" \/><\/a>&nbsp; &nbsp;&nbsp;<a href=\"https:\/\/www.falkenberger-tanzmaeuse.de\/?attachment_id=11235\" rel=\"attachment wp-att-11235\">Das Jahr 1984<\/a><\/p>\n<p><a href=\"https:\/\/www.falkenberger-tanzmaeuse.de\/?attachment_id=11236\" rel=\"attachment wp-att-11248\"><img loading=\"lazy\" decoding=\"async\" class=\"alignnone wp-image-11248 size-medium\" src=\"https:\/\/www.falkenberger-tanzmaeuse.de\/blog2011\/wp-content\/uploads\/2018\/09\/Das-Jahr-1985-212x300.jpg\" alt=\"\" width=\"212\" height=\"300\" srcset=\"https:\/\/www.falkenberger-tanzmaeuse.de\/blog2011\/wp-content\/uploads\/2018\/09\/Das-Jahr-1985-212x300.jpg 212w, https:\/\/www.falkenberger-tanzmaeuse.de\/blog2011\/wp-content\/uploads\/2018\/09\/Das-Jahr-1985-768x1086.jpg 768w, https:\/\/www.falkenberger-tanzmaeuse.de\/blog2011\/wp-content\/uploads\/2018\/09\/Das-Jahr-1985-724x1024.jpg 724w, https:\/\/www.falkenberger-tanzmaeuse.de\/blog2011\/wp-content\/uploads\/2018\/09\/Das-Jahr-1985.jpg 1240w\" sizes=\"auto, (max-width: 212px) 100vw, 212px\" \/><\/a>&nbsp; &nbsp;&nbsp;<a href=\"https:\/\/www.falkenberger-tanzmaeuse.de\/?attachment_id=11236\" rel=\"attachment wp-att-11236\">Das Jahr 1985<\/a><\/p>\n<p><a href=\"https:\/\/www.falkenberger-tanzmaeuse.de\/?attachment_id=11237\" rel=\"attachment wp-att-11249\"><img loading=\"lazy\" decoding=\"async\" class=\"alignnone wp-image-11249 size-medium\" src=\"https:\/\/www.falkenberger-tanzmaeuse.de\/blog2011\/wp-content\/uploads\/2018\/09\/Das-Jahr-1986-212x300.jpg\" alt=\"\" width=\"212\" height=\"300\" srcset=\"https:\/\/www.falkenberger-tanzmaeuse.de\/blog2011\/wp-content\/uploads\/2018\/09\/Das-Jahr-1986-212x300.jpg 212w, https:\/\/www.falkenberger-tanzmaeuse.de\/blog2011\/wp-content\/uploads\/2018\/09\/Das-Jahr-1986-768x1086.jpg 768w, https:\/\/www.falkenberger-tanzmaeuse.de\/blog2011\/wp-content\/uploads\/2018\/09\/Das-Jahr-1986-724x1024.jpg 724w, https:\/\/www.falkenberger-tanzmaeuse.de\/blog2011\/wp-content\/uploads\/2018\/09\/Das-Jahr-1986.jpg 1240w\" sizes=\"auto, (max-width: 212px) 100vw, 212px\" \/><\/a>&nbsp; &nbsp; &nbsp;<a href=\"https:\/\/www.falkenberger-tanzmaeuse.de\/?attachment_id=11237\" rel=\"attachment wp-att-11237\">Das Jahr 1986<\/a><\/p>\n<p><a href=\"https:\/\/www.falkenberger-tanzmaeuse.de\/?attachment_id=11238\" rel=\"attachment wp-att-11250\"><img loading=\"lazy\" decoding=\"async\" class=\"alignnone wp-image-11250 size-medium\" src=\"https:\/\/www.falkenberger-tanzmaeuse.de\/blog2011\/wp-content\/uploads\/2018\/09\/Das-Jahr-1987-212x300.jpg\" alt=\"\" width=\"212\" height=\"300\" srcset=\"https:\/\/www.falkenberger-tanzmaeuse.de\/blog2011\/wp-content\/uploads\/2018\/09\/Das-Jahr-1987-212x300.jpg 212w, https:\/\/www.falkenberger-tanzmaeuse.de\/blog2011\/wp-content\/uploads\/2018\/09\/Das-Jahr-1987-768x1086.jpg 768w, https:\/\/www.falkenberger-tanzmaeuse.de\/blog2011\/wp-content\/uploads\/2018\/09\/Das-Jahr-1987-724x1024.jpg 724w, https:\/\/www.falkenberger-tanzmaeuse.de\/blog2011\/wp-content\/uploads\/2018\/09\/Das-Jahr-1987.jpg 1240w\" sizes=\"auto, (max-width: 212px) 100vw, 212px\" \/><\/a>&nbsp; &nbsp;&nbsp;<a href=\"https:\/\/www.falkenberger-tanzmaeuse.de\/?attachment_id=11238\" rel=\"attachment wp-att-11238\">Das Jahr 1987<\/a><\/p>\n<p><a href=\"https:\/\/www.falkenberger-tanzmaeuse.de\/?attachment_id=11239\" rel=\"attachment wp-att-11251\"><img loading=\"lazy\" decoding=\"async\" class=\"alignnone wp-image-11251 size-medium\" src=\"https:\/\/www.falkenberger-tanzmaeuse.de\/blog2011\/wp-content\/uploads\/2018\/09\/Das-Jahr-1988-212x300.jpg\" alt=\"\" width=\"212\" height=\"300\" srcset=\"https:\/\/www.falkenberger-tanzmaeuse.de\/blog2011\/wp-content\/uploads\/2018\/09\/Das-Jahr-1988-212x300.jpg 212w, https:\/\/www.falkenberger-tanzmaeuse.de\/blog2011\/wp-content\/uploads\/2018\/09\/Das-Jahr-1988-768x1086.jpg 768w, https:\/\/www.falkenberger-tanzmaeuse.de\/blog2011\/wp-content\/uploads\/2018\/09\/Das-Jahr-1988-724x1024.jpg 724w, https:\/\/www.falkenberger-tanzmaeuse.de\/blog2011\/wp-content\/uploads\/2018\/09\/Das-Jahr-1988.jpg 1240w\" sizes=\"auto, (max-width: 212px) 100vw, 212px\" \/><\/a>&nbsp; &nbsp; &nbsp;<a href=\"https:\/\/www.falkenberger-tanzmaeuse.de\/?attachment_id=11239\" rel=\"attachment wp-att-11239\">Das Jahr 1988<\/a><\/p>\n<p><a href=\"https:\/\/www.falkenberger-tanzmaeuse.de\/?attachment_id=11240\" rel=\"attachment wp-att-11252\"><img loading=\"lazy\" decoding=\"async\" class=\"alignnone wp-image-11252 size-medium\" src=\"https:\/\/www.falkenberger-tanzmaeuse.de\/blog2011\/wp-content\/uploads\/2018\/09\/Das-Jahr-1989-212x300.jpg\" alt=\"\" width=\"212\" height=\"300\" srcset=\"https:\/\/www.falkenberger-tanzmaeuse.de\/blog2011\/wp-content\/uploads\/2018\/09\/Das-Jahr-1989-212x300.jpg 212w, https:\/\/www.falkenberger-tanzmaeuse.de\/blog2011\/wp-content\/uploads\/2018\/09\/Das-Jahr-1989-768x1086.jpg 768w, https:\/\/www.falkenberger-tanzmaeuse.de\/blog2011\/wp-content\/uploads\/2018\/09\/Das-Jahr-1989-724x1024.jpg 724w, https:\/\/www.falkenberger-tanzmaeuse.de\/blog2011\/wp-content\/uploads\/2018\/09\/Das-Jahr-1989.jpg 1240w\" sizes=\"auto, (max-width: 212px) 100vw, 212px\" \/><\/a>&nbsp; &nbsp;&nbsp;<a href=\"https:\/\/www.falkenberger-tanzmaeuse.de\/?attachment_id=11240\" rel=\"attachment wp-att-11240\">Das Jahr 1989<\/a><\/p>\n<p><a href=\"https:\/\/www.falkenberger-tanzmaeuse.de\/?attachment_id=11241\" rel=\"attachment wp-att-11253\"><img loading=\"lazy\" decoding=\"async\" class=\"alignnone wp-image-11253 size-medium\" src=\"https:\/\/www.falkenberger-tanzmaeuse.de\/blog2011\/wp-content\/uploads\/2018\/09\/Das-Jahr-1990-91-212x300.jpg\" alt=\"\" width=\"212\" height=\"300\" srcset=\"https:\/\/www.falkenberger-tanzmaeuse.de\/blog2011\/wp-content\/uploads\/2018\/09\/Das-Jahr-1990-91-212x300.jpg 212w, https:\/\/www.falkenberger-tanzmaeuse.de\/blog2011\/wp-content\/uploads\/2018\/09\/Das-Jahr-1990-91-768x1086.jpg 768w, https:\/\/www.falkenberger-tanzmaeuse.de\/blog2011\/wp-content\/uploads\/2018\/09\/Das-Jahr-1990-91-724x1024.jpg 724w, https:\/\/www.falkenberger-tanzmaeuse.de\/blog2011\/wp-content\/uploads\/2018\/09\/Das-Jahr-1990-91.jpg 1240w\" sizes=\"auto, (max-width: 212px) 100vw, 212px\" \/><\/a>&nbsp; &nbsp;&nbsp;<a href=\"https:\/\/www.falkenberger-tanzmaeuse.de\/?attachment_id=11241\" rel=\"attachment wp-att-11241\">Das Jahr 1991<\/a><\/p>\n<p><a href=\"https:\/\/www.falkenberger-tanzmaeuse.de\/?attachment_id=11242\" rel=\"attachment wp-att-11254\"><img loading=\"lazy\" decoding=\"async\" class=\"alignnone wp-image-11254 size-medium\" src=\"https:\/\/www.falkenberger-tanzmaeuse.de\/blog2011\/wp-content\/uploads\/2018\/09\/Das-Jahr-1992-212x300.jpg\" alt=\"\" width=\"212\" height=\"300\" srcset=\"https:\/\/www.falkenberger-tanzmaeuse.de\/blog2011\/wp-content\/uploads\/2018\/09\/Das-Jahr-1992-212x300.jpg 212w, https:\/\/www.falkenberger-tanzmaeuse.de\/blog2011\/wp-content\/uploads\/2018\/09\/Das-Jahr-1992-768x1086.jpg 768w, https:\/\/www.falkenberger-tanzmaeuse.de\/blog2011\/wp-content\/uploads\/2018\/09\/Das-Jahr-1992-724x1024.jpg 724w, https:\/\/www.falkenberger-tanzmaeuse.de\/blog2011\/wp-content\/uploads\/2018\/09\/Das-Jahr-1992.jpg 1240w\" sizes=\"auto, (max-width: 212px) 100vw, 212px\" \/><\/a>&nbsp; &nbsp; &nbsp;<a href=\"https:\/\/www.falkenberger-tanzmaeuse.de\/?attachment_id=11242\" rel=\"attachment wp-att-11242\">Das Jahr 1992<\/a><\/p>\n<p>Das Jahr 2010 &#8211; Es ist noch keine Chronik vorhanden.<br \/>\nDas Jahr 2009 &#8211; Es ist noch keine Chronik vorhanden.<br \/>\nDas Jahr 2008 &#8211; Es ist noch keine Chronik vorhanden.<br \/>\nDas Jahr 2007 &#8211; Es ist noch keine Chronik vorhanden.<br \/>\nDas Jahr 2006 &#8211; Es ist noch keine Chronik vorhanden.<br \/>\nDas Jahr 2005 &#8211; Es ist noch keine Chronik vorhanden.<br \/>\nDas Jahr 2004 &#8211; Es ist noch keine Chronik vorhanden.<br \/>\nDas Jahr 2003 &#8211; Es ist noch keine Chronik vorhanden.<br \/>\nDas Jahr 2002 &#8211; Es ist noch keine Chronik vorhanden.<br \/>\nDas Jahr 2001 &#8211; Es ist noch keine Chronik vorhanden.<br \/>\nDas Jahr 2000 &#8211; Es ist noch keine Chronik vorhanden.<br \/>\nDas Jahr 1999 &#8211; Es ist noch keine Chronik vorhanden.<br \/>\nDas Jahr 1998 &#8211; Es ist noch keine Chronik vorhanden.<br \/>\nDas Jahr 1997 &#8211; Es ist noch keine Chronik vorhanden.<br \/>\nDas Jahr 1996 &#8211; Es ist noch keine Chronik vorhanden.<br \/>\nDas Jahr 1995 &#8211; Es ist noch keine Chronik vorhanden.<br \/>\nDas Jahr 1994 &#8211; Es ist noch keine Chronik vorhanden.<br \/>\nDas Jahr 1993 &#8211; Es ist noch keine Chronik vorhanden.<\/p>\n","protected":false},"excerpt":{"rendered":"<p>An dieser Stelle k\u00f6nnt Ihr in den Chroniken seit dem Jahr 1980 st\u00f6bern. Ihr ben\u00f6tigt lediglich einen pdf-Reader (z.B. von Adobe). Das Archiv wird nach und nach ausgebaut. Schaut einfach immer wieder einmal vorbei. &nbsp; &nbsp; &nbsp;Das Jahr 1980 &nbsp; &nbsp;&nbsp;Das Jahr 1981 &nbsp; &nbsp;&nbsp;Das Jahr 1982 &nbsp; &nbsp; &nbsp;Das Jahr 1983 &nbsp; &nbsp;&nbsp;Das Jahr [&hellip;]<\/p>\n","protected":false},"author":1,"featured_media":0,"parent":0,"menu_order":3,"comment_status":"closed","ping_status":"closed","template":"","meta":{"ngg_post_thumbnail":0,"footnotes":""},"class_list":["post-24","page","type-page","status-publish","hentry"],"_links":{"self":[{"href":"https:\/\/www.falkenberger-tanzmaeuse.de\/index.php?rest_route=\/wp\/v2\/pages\/24","targetHints":{"allow":["GET"]}}],"collection":[{"href":"https:\/\/www.falkenberger-tanzmaeuse.de\/index.php?rest_route=\/wp\/v2\/pages"}],"about":[{"href":"https:\/\/www.falkenberger-tanzmaeuse.de\/index.php?rest_route=\/wp\/v2\/types\/page"}],"author":[{"embeddable":true,"href":"https:\/\/www.falkenberger-tanzmaeuse.de\/index.php?rest_route=\/wp\/v2\/users\/1"}],"replies":[{"embeddable":true,"href":"https:\/\/www.falkenberger-tanzmaeuse.de\/index.php?rest_route=%2Fwp%2Fv2%2Fcomments&post=24"}],"version-history":[{"count":18,"href":"https:\/\/www.falkenberger-tanzmaeuse.de\/index.php?rest_route=\/wp\/v2\/pages\/24\/revisions"}],"predecessor-version":[{"id":11255,"href":"https:\/\/www.falkenberger-tanzmaeuse.de\/index.php?rest_route=\/wp\/v2\/pages\/24\/revisions\/11255"}],"wp:attachment":[{"href":"https:\/\/www.falkenberger-tanzmaeuse.de\/index.php?rest_route=%2Fwp%2Fv2%2Fmedia&parent=24"}],"curies":[{"name":"wp","href":"https:\/\/api.w.org\/{rel}","templated":true}]}}