{"id":15490,"date":"2023-08-24T19:16:31","date_gmt":"2023-08-24T19:16:31","guid":{"rendered":"https:\/\/www.falkenberger-tanzmaeuse.de\/?page_id=15490"},"modified":"2025-12-30T14:49:37","modified_gmt":"2025-12-30T14:49:37","slug":"minimaeuse","status":"publish","type":"page","link":"https:\/\/www.falkenberger-tanzmaeuse.de\/?page_id=15490","title":{"rendered":"Minim\u00e4use"},"content":{"rendered":"\n<p>Unsere Mini-M\u00e4use sind in der 1. oder 2. Klasse. Jeden\u00a0<strong>Donnerstag von 16:00 bis 17:30 Uhr<\/strong>\u00a0trainieren sie in unserem Vereinshaus \u2013 dem M\u00e4usest\u00fcbchen. Nun hei\u00dft es aufgepasst. Neben klassischen Elementen, gibt es Grundlagen auch in den Tanzstilen Folklore und Show. K\u00f6perschule ist jetzt besonders angesagt.<\/p>\n\n\n\n<p><strong>Trainerin:<\/strong>&nbsp;Isabell Dittrich <strong>Co-Trainerin:<\/strong> Sarah Ast<\/p>\n\n\n\n<p><\/p>\n\n\n\n<figure class=\"wp-block-image size-large\"><img loading=\"lazy\" decoding=\"async\" width=\"1024\" height=\"768\" src=\"https:\/\/www.falkenberger-tanzmaeuse.de\/blog2011\/wp-content\/uploads\/2025\/04\/IMG_7634-1024x768.jpeg\" alt=\"\" class=\"wp-image-17021\" srcset=\"https:\/\/www.falkenberger-tanzmaeuse.de\/blog2011\/wp-content\/uploads\/2025\/04\/IMG_7634-1024x768.jpeg 1024w, https:\/\/www.falkenberger-tanzmaeuse.de\/blog2011\/wp-content\/uploads\/2025\/04\/IMG_7634-300x225.jpeg 300w, https:\/\/www.falkenberger-tanzmaeuse.de\/blog2011\/wp-content\/uploads\/2025\/04\/IMG_7634-768x576.jpeg 768w, https:\/\/www.falkenberger-tanzmaeuse.de\/blog2011\/wp-content\/uploads\/2025\/04\/IMG_7634-1536x1152.jpeg 1536w, https:\/\/www.falkenberger-tanzmaeuse.de\/blog2011\/wp-content\/uploads\/2025\/04\/IMG_7634-2048x1536.jpeg 2048w\" sizes=\"auto, (max-width: 1024px) 100vw, 1024px\" \/><\/figure>\n","protected":false},"excerpt":{"rendered":"<p>Unsere Mini-M\u00e4use sind in der 1. oder 2. Klasse. Jeden\u00a0Donnerstag von 16:00 bis 17:30 Uhr\u00a0trainieren sie in unserem Vereinshaus \u2013 dem M\u00e4usest\u00fcbchen. Nun hei\u00dft es aufgepasst. Neben klassischen Elementen, gibt es Grundlagen auch in den Tanzstilen Folklore und Show. K\u00f6perschule ist jetzt besonders angesagt. Trainerin:&nbsp;Isabell Dittrich Co-Trainerin: Sarah Ast<\/p>\n","protected":false},"author":1,"featured_media":0,"parent":26,"menu_order":2,"comment_status":"closed","ping_status":"closed","template":"","meta":{"ngg_post_thumbnail":0,"footnotes":""},"class_list":["post-15490","page","type-page","status-publish","hentry"],"_links":{"self":[{"href":"https:\/\/www.falkenberger-tanzmaeuse.de\/index.php?rest_route=\/wp\/v2\/pages\/15490","targetHints":{"allow":["GET"]}}],"collection":[{"href":"https:\/\/www.falkenberger-tanzmaeuse.de\/index.php?rest_route=\/wp\/v2\/pages"}],"about":[{"href":"https:\/\/www.falkenberger-tanzmaeuse.de\/index.php?rest_route=\/wp\/v2\/types\/page"}],"author":[{"embeddable":true,"href":"https:\/\/www.falkenberger-tanzmaeuse.de\/index.php?rest_route=\/wp\/v2\/users\/1"}],"replies":[{"embeddable":true,"href":"https:\/\/www.falkenberger-tanzmaeuse.de\/index.php?rest_route=%2Fwp%2Fv2%2Fcomments&post=15490"}],"version-history":[{"count":8,"href":"https:\/\/www.falkenberger-tanzmaeuse.de\/index.php?rest_route=\/wp\/v2\/pages\/15490\/revisions"}],"predecessor-version":[{"id":18325,"href":"https:\/\/www.falkenberger-tanzmaeuse.de\/index.php?rest_route=\/wp\/v2\/pages\/15490\/revisions\/18325"}],"up":[{"embeddable":true,"href":"https:\/\/www.falkenberger-tanzmaeuse.de\/index.php?rest_route=\/wp\/v2\/pages\/26"}],"wp:attachment":[{"href":"https:\/\/www.falkenberger-tanzmaeuse.de\/index.php?rest_route=%2Fwp%2Fv2%2Fmedia&parent=15490"}],"curies":[{"name":"wp","href":"https:\/\/api.w.org\/{rel}","templated":true}]}}